{"id":74,"date":"2020-04-14T19:12:01","date_gmt":"2020-04-14T19:12:01","guid":{"rendered":"https:\/\/jupiterx.artbees.net\/musician\/?page_id=74"},"modified":"2026-03-21T14:58:23","modified_gmt":"2026-03-21T14:58:23","slug":"chi-siamo","status":"publish","type":"page","link":"https:\/\/devidwalder.com\/it\/chi-siamo\/","title":{"rendered":"Chi siamo"},"content":{"rendered":"\t\t<div data-elementor-type=\"wp-page\" data-elementor-id=\"74\" class=\"elementor elementor-74\" data-elementor-post-type=\"page\">\n\t\t\t\t\t\t<section class=\"elementor-section elementor-top-section elementor-element elementor-element-f3c3d13 elementor-section-height-min-height elementor-section-boxed elementor-section-height-default elementor-section-items-middle\" data-id=\"f3c3d13\" data-element_type=\"section\" data-settings=\"{&quot;jet_parallax_layout_list&quot;:[{&quot;jet_parallax_layout_image&quot;:{&quot;url&quot;:&quot;&quot;,&quot;id&quot;:&quot;&quot;,&quot;size&quot;:&quot;&quot;},&quot;_id&quot;:&quot;da5ba88&quot;,&quot;jet_parallax_layout_image_tablet&quot;:{&quot;url&quot;:&quot;&quot;,&quot;id&quot;:&quot;&quot;,&quot;size&quot;:&quot;&quot;},&quot;jet_parallax_layout_image_mobile&quot;:{&quot;url&quot;:&quot;&quot;,&quot;id&quot;:&quot;&quot;,&quot;size&quot;:&quot;&quot;},&quot;jet_parallax_layout_speed&quot;:{&quot;unit&quot;:&quot;%&quot;,&quot;size&quot;:&quot;50&quot;,&quot;sizes&quot;:[]},&quot;jet_parallax_layout_bg_x&quot;:&quot;50&quot;,&quot;jet_parallax_layout_bg_y&quot;:&quot;50&quot;,&quot;jet_parallax_layout_type&quot;:&quot;scroll&quot;,&quot;jet_parallax_layout_direction&quot;:&quot;1&quot;,&quot;jet_parallax_layout_fx_direction&quot;:null,&quot;jet_parallax_layout_z_index&quot;:&quot;&quot;,&quot;jet_parallax_layout_bg_x_tablet&quot;:&quot;&quot;,&quot;jet_parallax_layout_bg_x_mobile&quot;:&quot;&quot;,&quot;jet_parallax_layout_bg_y_tablet&quot;:&quot;&quot;,&quot;jet_parallax_layout_bg_y_mobile&quot;:&quot;&quot;,&quot;jet_parallax_layout_bg_size&quot;:&quot;auto&quot;,&quot;jet_parallax_layout_bg_size_tablet&quot;:&quot;&quot;,&quot;jet_parallax_layout_bg_size_mobile&quot;:&quot;&quot;,&quot;jet_parallax_layout_animation_prop&quot;:&quot;transform&quot;,&quot;jet_parallax_layout_on&quot;:[&quot;desktop&quot;,&quot;tablet&quot;]}],&quot;background_background&quot;:&quot;classic&quot;}\">\n\t\t\t\t\t\t\t<div class=\"elementor-background-overlay\"><\/div>\n\t\t\t\t\t\t\t<div class=\"elementor-container elementor-column-gap-no\">\n\t\t\t\t\t<div class=\"elementor-column elementor-col-100 elementor-top-column elementor-element elementor-element-d58dcbf\" data-id=\"d58dcbf\" data-element_type=\"column\">\n\t\t\t<div class=\"elementor-widget-wrap elementor-element-populated\">\n\t\t\t\t\t\t<div class=\"elementor-element elementor-element-1bbfafc elementor-widget elementor-widget-heading\" data-id=\"1bbfafc\" data-element_type=\"widget\" data-widget_type=\"heading.default\">\n\t\t\t\t<div class=\"elementor-widget-container\">\n\t\t\t\t\t<h1 class=\"elementor-heading-title elementor-size-default\">Chi siamo<\/h1>\t\t\t\t<\/div>\n\t\t\t\t<\/div>\n\t\t\t\t<div class=\"elementor-element elementor-element-f2ff726 elementor-widget elementor-widget-heading\" data-id=\"f2ff726\" data-element_type=\"widget\" data-widget_type=\"heading.default\">\n\t\t\t\t<div class=\"elementor-widget-container\">\n\t\t\t\t\t<p class=\"elementor-heading-title elementor-size-default\">Devid &amp; Valentina Walder<\/p>\t\t\t\t<\/div>\n\t\t\t\t<\/div>\n\t\t\t\t\t<\/div>\n\t\t<\/div>\n\t\t\t\t\t<\/div>\n\t\t<\/section>\n\t\t\t\t<section class=\"elementor-section elementor-top-section elementor-element elementor-element-58deece elementor-section-boxed elementor-section-height-default elementor-section-height-default\" data-id=\"58deece\" data-element_type=\"section\" data-settings=\"{&quot;jet_parallax_layout_list&quot;:[{&quot;jet_parallax_layout_image&quot;:{&quot;url&quot;:&quot;&quot;,&quot;id&quot;:&quot;&quot;,&quot;size&quot;:&quot;&quot;},&quot;_id&quot;:&quot;6704419&quot;,&quot;jet_parallax_layout_image_tablet&quot;:{&quot;url&quot;:&quot;&quot;,&quot;id&quot;:&quot;&quot;,&quot;size&quot;:&quot;&quot;},&quot;jet_parallax_layout_image_mobile&quot;:{&quot;url&quot;:&quot;&quot;,&quot;id&quot;:&quot;&quot;,&quot;size&quot;:&quot;&quot;},&quot;jet_parallax_layout_speed&quot;:{&quot;unit&quot;:&quot;%&quot;,&quot;size&quot;:&quot;50&quot;,&quot;sizes&quot;:[]},&quot;jet_parallax_layout_bg_x&quot;:&quot;50&quot;,&quot;jet_parallax_layout_bg_y&quot;:&quot;50&quot;,&quot;jet_parallax_layout_type&quot;:&quot;scroll&quot;,&quot;jet_parallax_layout_direction&quot;:&quot;1&quot;,&quot;jet_parallax_layout_fx_direction&quot;:null,&quot;jet_parallax_layout_z_index&quot;:&quot;&quot;,&quot;jet_parallax_layout_bg_x_tablet&quot;:&quot;&quot;,&quot;jet_parallax_layout_bg_x_mobile&quot;:&quot;&quot;,&quot;jet_parallax_layout_bg_y_tablet&quot;:&quot;&quot;,&quot;jet_parallax_layout_bg_y_mobile&quot;:&quot;&quot;,&quot;jet_parallax_layout_bg_size&quot;:&quot;auto&quot;,&quot;jet_parallax_layout_bg_size_tablet&quot;:&quot;&quot;,&quot;jet_parallax_layout_bg_size_mobile&quot;:&quot;&quot;,&quot;jet_parallax_layout_animation_prop&quot;:&quot;transform&quot;,&quot;jet_parallax_layout_on&quot;:[&quot;desktop&quot;,&quot;tablet&quot;]}]}\">\n\t\t\t\t\t\t<div class=\"elementor-container elementor-column-gap-no\">\n\t\t\t\t\t<div class=\"elementor-column elementor-col-100 elementor-top-column elementor-element elementor-element-1e14684\" data-id=\"1e14684\" data-element_type=\"column\">\n\t\t\t<div class=\"elementor-widget-wrap elementor-element-populated\">\n\t\t\t\t\t\t<div class=\"elementor-element elementor-element-7c6f5f7 elementor-widget elementor-widget-heading\" data-id=\"7c6f5f7\" data-element_type=\"widget\" data-widget_type=\"heading.default\">\n\t\t\t\t<div class=\"elementor-widget-container\">\n\t\t\t\t\t<h2 class=\"elementor-heading-title elementor-size-default\">La nostra storia<\/h2>\t\t\t\t<\/div>\n\t\t\t\t<\/div>\n\t\t\t\t<div class=\"elementor-element elementor-element-9093162 elementor-widget elementor-widget-text-editor\" data-id=\"9093162\" data-element_type=\"widget\" data-widget_type=\"text-editor.default\">\n\t\t\t\t<div class=\"elementor-widget-container\">\n\t\t\t\t\t\t\t\t\t<p>Devid<strong> e Valentina<\/strong> sono sposati dal 2016 e sono genitori di tre figli meravigliosi. Dal 2021 servono nel ministero a tempo pieno presso <a href=\"https:\/\/www.globemission.org\/\"><strong>Globe Mission<\/strong><\/a>.<\/p><p><span style=\"text-decoration: underline;\"><em><strong>Devid<\/strong><\/em><\/span><\/p><p data-start=\"46\" data-end=\"493\">Devid \u00e8 nato come primogenito in Alto Adige. All\u2019et\u00e0 di dieci anni, durante un culto a Innsbruck in Austria, ricevette una parola profetica che lo incoraggiava a imparare a suonare la chitarra \u2013 una conferma di ci\u00f2 di cui aveva gi\u00e0 parlato con sua madre durante il viaggio. In seguito inizi\u00f2 a suonare la chitarra, ma inizialmente non mise il suo talento musicale al servizio di Dio; durante la sua giovinezza suon\u00f2 infatti in diverse band secolari.<\/p><p data-start=\"495\" data-end=\"824\">All\u2019inizio dei suoi vent\u2019anni, Devid si trov\u00f2 in un profondo momento di crisi personale. In quel periodo riconsacr\u00f2 la sua vita a Ges\u00f9. Da solo in una baita di montagna \u2013 con la sua chitarra, che in realt\u00e0 non aveva toccato per mesi ma che port\u00f2 comunque con s\u00e9 \u2013 scrisse il suo primo canto di lode.<\/p><p data-start=\"826\" data-end=\"1145\" data-is-last-node=\"\" data-is-only-node=\"\">Durante il suo periodo alla scuola biblica presso il <strong>&#8220;Glaubenszentrum&#8221; di Bad Gandersheim<\/strong>, Devid ricevette una visione per una casa di preghiera a Merano. Nel marzo 2015, durante un viaggio missionario a Napoli, conobbe sia Valentina sia la casa di preghiera <strong>HOP Italia<\/strong>. L\u00ec serv\u00ec come missionario nei due anni successivi.<\/p><p data-start=\"826\" data-end=\"1145\" data-is-last-node=\"\" data-is-only-node=\"\"><span style=\"text-decoration: underline;\"><em><strong>Valentina<\/strong><\/em><\/span><\/p><p data-start=\"46\" data-end=\"396\">Valentina \u00e8 nata a Ciudad Bol\u00edvar, in Venezuela. All\u2019et\u00e0 di sei anni emigr\u00f2 con la sua famiglia in Italia, il Paese d\u2019origine di suo padre. Dopo la separazione dei genitori, crebbe con suo padre e i suoi tre fratelli. Fin da piccola svilupp\u00f2 un profondo amore per i bambini e per il servizio nella scuola domenicale.<\/p><p data-start=\"398\" data-end=\"634\">Gi\u00e0 all\u2019et\u00e0 di 16 anni guidava la scuola domenicale nella sua chiesa, anche se partecipava un solo bambino. Durante un culto ricevette una parola profetica secondo cui un giorno avrebbe servito contemporaneamente pi\u00f9 di 200 bambini.<\/p><p data-start=\"636\" data-end=\"982\" data-is-last-node=\"\" data-is-only-node=\"\">Dopo il diploma al istituto artistico, divenne collaboratrice nella prima casa di preghiera d\u2019Italia, HOP Italia a Caserta. L\u00ec guid\u00f2 il ministero per bambini <strong>HOP Children<\/strong>. Quando in seguito organizz\u00f2 una conferenza per bambini, questa profezia si ademp\u00ec: oltre 200 bambini provenienti da diverse comunit\u00e0 e chiese vi presero parte.<\/p><p><span style=\"text-decoration: underline;\"><em><strong>Cammino comune<\/strong><\/em><\/span><\/p><div class=\"flex flex-col text-sm pb-25\"><article class=\"text-token-text-primary w-full focus:outline-none [--shadow-height:45px] has-data-writing-block:pointer-events-none has-data-writing-block:-mt-(--shadow-height) has-data-writing-block:pt-(--shadow-height) [&amp;:has([data-writing-block])&gt;*]:pointer-events-auto scroll-mt-[calc(var(--header-height)+min(200px,max(70px,20svh)))]\" dir=\"auto\" tabindex=\"-1\" data-turn-id=\"request-WEB:5bf322ab-da5a-46a3-a57b-72fb8da9cb04-4\" data-testid=\"conversation-turn-10\" data-scroll-anchor=\"true\" data-turn=\"assistant\"><div class=\"text-base my-auto mx-auto pb-10 [--thread-content-margin:--spacing(4)] @w-sm\/main:[--thread-content-margin:--spacing(6)] @w-lg\/main:[--thread-content-margin:--spacing(16)] px-(--thread-content-margin)\"><div class=\"[--thread-content-max-width:40rem] @w-lg\/main:[--thread-content-max-width:48rem] mx-auto max-w-(--thread-content-max-width) flex-1 group\/turn-messages focus-visible:outline-hidden relative flex w-full min-w-0 flex-col agent-turn\" tabindex=\"-1\"><div class=\"flex max-w-full flex-col grow\"><div class=\"min-h-8 text-message relative flex w-full flex-col items-end gap-2 text-start break-words whitespace-normal [.text-message+&amp;]:mt-1\" dir=\"auto\" data-message-author-role=\"assistant\" data-message-id=\"e5342b48-b80e-4dcd-abd1-3905ea7a37f7\" data-message-model-slug=\"gpt-5-2\"><div class=\"flex w-full flex-col gap-1 empty:hidden first:pt-[1px]\"><div class=\"markdown prose dark:prose-invert w-full wrap-break-word dark markdown-new-styling\"><p data-start=\"46\" data-end=\"306\">Nel 2016 Devid e Valentina si sono sposati. Un anno dopo si sono trasferiti in Alto Adige, dove insieme ad altri hanno fondato la casa di preghiera <strong>HOP Meran-o<\/strong>. Per oltre sette anni hanno servito nella leadership, con Devid nel ruolo di presidente e direttore.<\/p><p data-start=\"308\" data-end=\"705\">Nel 2025 hanno seguito nuovamente la chiamata di Dio e hanno deciso di intraprendere la loro vocazione come missionari. Il loro cuore \u00e8 quello di <strong>equipaggiare, formare e guidare case di preghiera, chiese e comunit\u00e0 nella preghiera, nell\u2019intercessione e nell\u2019adorazione<\/strong>, conducendole in una pi\u00f9 profonda maturit\u00e0 spirituale. Come <strong>missionari di Globe Mission<\/strong> vivono e portano avanti questa chiamata.<\/p><p data-start=\"707\" data-end=\"850\" data-is-last-node=\"\" data-is-only-node=\"\">Inoltre, Devid \u00e8 vicepresidente della rete nazionale italiana delle case di preghiera <a href=\"https:\/\/hopallianz.org\/\"><strong>HOP Allianz<\/strong><\/a> ed \u00e8 membro del relativo team direttivo.<\/p><\/div><\/div><\/div><\/div><\/div><\/div><\/article><\/div>\t\t\t\t\t\t\t\t<\/div>\n\t\t\t\t<\/div>\n\t\t\t\t<div class=\"elementor-element elementor-element-8e0520c elementor-widget elementor-widget-raven-image\" data-id=\"8e0520c\" data-element_type=\"widget\" data-widget_type=\"raven-image.default\">\n\t\t\t\t<div class=\"elementor-widget-container\">\n\t\t\t\t\t\t\t<div class=\"raven-image\">\n\t\t\n\t\t\n\t\t<img fetchpriority=\"high\" decoding=\"async\" width=\"2000\" height=\"1500\" src=\"https:\/\/devidwalder.com\/it\/wp-content\/uploads\/2026\/03\/4b5062e0-e08b-4224-95bf-d768547aa1fd.jpg\" class=\"attachment-full size-full wp-image-1832\" alt=\"\" srcset=\"https:\/\/devidwalder.com\/it\/wp-content\/uploads\/2026\/03\/4b5062e0-e08b-4224-95bf-d768547aa1fd.jpg 2000w, https:\/\/devidwalder.com\/it\/wp-content\/uploads\/2026\/03\/4b5062e0-e08b-4224-95bf-d768547aa1fd-300x225.jpg 300w, https:\/\/devidwalder.com\/it\/wp-content\/uploads\/2026\/03\/4b5062e0-e08b-4224-95bf-d768547aa1fd-1024x768.jpg 1024w, https:\/\/devidwalder.com\/it\/wp-content\/uploads\/2026\/03\/4b5062e0-e08b-4224-95bf-d768547aa1fd-768x576.jpg 768w, https:\/\/devidwalder.com\/it\/wp-content\/uploads\/2026\/03\/4b5062e0-e08b-4224-95bf-d768547aa1fd-1536x1152.jpg 1536w\" sizes=\"(max-width: 2000px) 100vw, 2000px\" \/>\t\t<\/div>\n\t\t\t\t\t\t<\/div>\n\t\t\t\t<\/div>\n\t\t\t\t<div class=\"elementor-element elementor-element-97a55c3 elementor-widget elementor-widget-raven-button\" data-id=\"97a55c3\" data-element_type=\"widget\" data-settings=\"{&quot;turn_to_popup_action_button&quot;:&quot;no&quot;}\" data-widget_type=\"raven-button.default\">\n\t\t\t\t<div class=\"elementor-widget-container\">\n\t\t\t\t\t\t\t<div class=\"raven-widget-wrapper\">\n\t\t\t<a class=\"raven-button raven-button-widget-normal-effect-none  raven-button-text-align-center raven-button-link elementor-animation-none\" href=\"https:\/\/devidwalder.com\/it\/contatta\/\">\t\t\t\t<div class=\"raven-button-overlay\" ><\/div>\n\t\t\t\t<span class=\"raven-button-content\">\n\t\t\t\t\t\n\t\t\t\t\t<div class=\"button-text-container\">\n\t\t\t\t\t\t\t\t\t\t\t\t<div class=\"raven-button-texts-wrapper\">\n\t\t\t\t\t\t\t<div class=\"button-text\">\n\t\t\t\t\t\t\t\t<span class=\"raven-button-text\">\n\t\t\t\t\t\t\t\t\tContattaci\t\t\t\t\t\t\t\t<\/span>\n\t\t\t\t\t\t\t<\/div>\n\t\t\t\t\t\t\t\t\t\t\t\t\t<\/div>\n\t\t\t\t\t\t\t\t\t\t\t<\/div>\n\t\t\t\t\t\n\t\t\t\t\t\t\t\t\t<\/span>\n\t\t\t<\/a>\t\t<\/div>\n\t\t\t\t\t\t<\/div>\n\t\t\t\t<\/div>\n\t\t\t\t\t<\/div>\n\t\t<\/div>\n\t\t\t\t\t<\/div>\n\t\t<\/section>\n\t\t<div class=\"elementor-element elementor-element-b97ff4b e-flex e-con-boxed e-con e-parent\" data-id=\"b97ff4b\" data-element_type=\"container\" data-settings=\"{&quot;jet_parallax_layout_list&quot;:[]}\">\n\t\t\t\t\t<div class=\"e-con-inner\">\n\t\t\t\t<div class=\"elementor-element elementor-element-89c92ba elementor-widget elementor-widget-image\" data-id=\"89c92ba\" data-element_type=\"widget\" data-widget_type=\"image.default\">\n\t\t\t\t<div class=\"elementor-widget-container\">\n\t\t\t\t\t\t\t\t\t\t\t\t\t\t\t\t<a href=\"https:\/\/hopallianz.org\/\">\n\t\t\t\t\t\t\t<img decoding=\"async\" width=\"500\" height=\"500\" src=\"https:\/\/devidwalder.com\/it\/wp-content\/uploads\/2026\/01\/HOP-Allianz-Logo.png\" class=\"attachment-large size-large wp-image-1630\" alt=\"\" srcset=\"https:\/\/devidwalder.com\/it\/wp-content\/uploads\/2026\/01\/HOP-Allianz-Logo.png 500w, https:\/\/devidwalder.com\/it\/wp-content\/uploads\/2026\/01\/HOP-Allianz-Logo-300x300.png 300w, https:\/\/devidwalder.com\/it\/wp-content\/uploads\/2026\/01\/HOP-Allianz-Logo-150x150.png 150w\" sizes=\"(max-width: 500px) 100vw, 500px\" \/>\t\t\t\t\t\t\t\t<\/a>\n\t\t\t\t\t\t\t\t\t\t\t\t\t\t\t<\/div>\n\t\t\t\t<\/div>\n\t\t\t\t\t<\/div>\n\t\t\t\t<\/div>\n\t\t<div class=\"elementor-element elementor-element-3cf6e49 e-con-full e-flex e-con e-parent\" data-id=\"3cf6e49\" data-element_type=\"container\" data-settings=\"{&quot;background_background&quot;:&quot;classic&quot;,&quot;jet_parallax_layout_list&quot;:[]}\">\n\t\t\t\t<div class=\"elementor-element elementor-element-53c3541 elementor-arrows-position-inside elementor-pagination-position-outside elementor-widget elementor-widget-image-carousel\" data-id=\"53c3541\" data-element_type=\"widget\" data-settings=\"{&quot;navigation&quot;:&quot;both&quot;,&quot;autoplay&quot;:&quot;yes&quot;,&quot;pause_on_hover&quot;:&quot;yes&quot;,&quot;pause_on_interaction&quot;:&quot;yes&quot;,&quot;autoplay_speed&quot;:5000,&quot;infinite&quot;:&quot;yes&quot;,&quot;speed&quot;:500,&quot;image_spacing_custom&quot;:{&quot;unit&quot;:&quot;px&quot;,&quot;size&quot;:20,&quot;sizes&quot;:[]},&quot;image_spacing_custom_tablet&quot;:{&quot;unit&quot;:&quot;px&quot;,&quot;size&quot;:&quot;&quot;,&quot;sizes&quot;:[]},&quot;image_spacing_custom_mobile&quot;:{&quot;unit&quot;:&quot;px&quot;,&quot;size&quot;:&quot;&quot;,&quot;sizes&quot;:[]}}\" data-widget_type=\"image-carousel.default\">\n\t\t\t\t<div class=\"elementor-widget-container\">\n\t\t\t\t\t\t\t<div class=\"elementor-image-carousel-wrapper swiper\" role=\"region\" aria-roledescription=\"carousel\" aria-label=\"Image Carousel\" dir=\"ltr\">\n\t\t\t<div class=\"elementor-image-carousel swiper-wrapper\" aria-live=\"off\">\n\t\t\t\t\t\t\t\t<div class=\"swiper-slide\" role=\"group\" aria-roledescription=\"slide\" aria-label=\"1 of 3\"><figure class=\"swiper-slide-inner\"><img decoding=\"async\" class=\"swiper-slide-image\" src=\"https:\/\/devidwalder.com\/it\/wp-content\/uploads\/2025\/11\/f947dbf6-4818-4a7d-8070-0f7baf976323-2.jpg\" alt=\"f947dbf6-4818-4a7d-8070-0f7baf976323-2\" \/><\/figure><\/div><div class=\"swiper-slide\" role=\"group\" aria-roledescription=\"slide\" aria-label=\"2 of 3\"><figure class=\"swiper-slide-inner\"><img decoding=\"async\" class=\"swiper-slide-image\" src=\"https:\/\/devidwalder.com\/it\/wp-content\/uploads\/2025\/11\/IMG_1065-scaled-1.jpeg\" alt=\"IMG_1065-scaled\" \/><\/figure><\/div><div class=\"swiper-slide\" role=\"group\" aria-roledescription=\"slide\" aria-label=\"3 of 3\"><figure class=\"swiper-slide-inner\"><img decoding=\"async\" class=\"swiper-slide-image\" src=\"https:\/\/devidwalder.com\/it\/wp-content\/uploads\/2025\/11\/IMG_0916-2-scaled-1.jpeg\" alt=\"IMG_0916-2-scaled\" \/><\/figure><\/div>\t\t\t<\/div>\n\t\t\t\t\t\t\t\t\t\t\t\t<div class=\"elementor-swiper-button elementor-swiper-button-prev\" role=\"button\" tabindex=\"0\">\n\t\t\t\t\t\t<svg aria-hidden=\"true\" class=\"e-font-icon-svg e-eicon-chevron-left\" viewBox=\"0 0 1000 1000\" xmlns=\"http:\/\/www.w3.org\/2000\/svg\"><path d=\"M646 125C629 125 613 133 604 142L308 442C296 454 292 471 292 487 292 504 296 521 308 533L604 854C617 867 629 875 646 875 663 875 679 871 692 858 704 846 713 829 713 812 713 796 708 779 692 767L438 487 692 225C700 217 708 204 708 187 708 171 704 154 692 142 675 129 663 125 646 125Z\"><\/path><\/svg>\t\t\t\t\t<\/div>\n\t\t\t\t\t<div class=\"elementor-swiper-button elementor-swiper-button-next\" role=\"button\" tabindex=\"0\">\n\t\t\t\t\t\t<svg aria-hidden=\"true\" class=\"e-font-icon-svg e-eicon-chevron-right\" viewBox=\"0 0 1000 1000\" xmlns=\"http:\/\/www.w3.org\/2000\/svg\"><path d=\"M696 533C708 521 713 504 713 487 713 471 708 454 696 446L400 146C388 133 375 125 354 125 338 125 325 129 313 142 300 154 292 171 292 187 292 204 296 221 308 233L563 492 304 771C292 783 288 800 288 817 288 833 296 850 308 863 321 871 338 875 354 875 371 875 388 867 400 854L696 533Z\"><\/path><\/svg>\t\t\t\t\t<\/div>\n\t\t\t\t\n\t\t\t\t\t\t\t\t\t<div class=\"swiper-pagination\"><\/div>\n\t\t\t\t\t\t\t\t\t<\/div>\n\t\t\t\t\t\t<\/div>\n\t\t\t\t<\/div>\n\t\t\t\t<\/div>\n\t\t\t\t<\/div>\n\t\t","protected":false},"excerpt":{"rendered":"<p>Chi siamo Devid &amp; Valentina Walder La nostra storia Devid e Valentina sono sposati dal 2016 e sono genitori di tre figli meravigliosi. Dal 2021 servono nel ministero a tempo pieno presso Globe Mission. Devid Devid \u00e8 nato come primogenito in Alto Adige. All\u2019et\u00e0 di dieci anni, durante un culto a Innsbruck in Austria, ricevette [&hellip;]<\/p>\n","protected":false},"author":1,"featured_media":0,"parent":0,"menu_order":0,"comment_status":"closed","ping_status":"closed","template":"full-width.php","meta":{"_acf_changed":false,"footnotes":""},"class_list":["post-74","page","type-page","status-publish","hentry"],"acf":[],"_links":{"self":[{"href":"https:\/\/devidwalder.com\/it\/wp-json\/wp\/v2\/pages\/74","targetHints":{"allow":["GET"]}}],"collection":[{"href":"https:\/\/devidwalder.com\/it\/wp-json\/wp\/v2\/pages"}],"about":[{"href":"https:\/\/devidwalder.com\/it\/wp-json\/wp\/v2\/types\/page"}],"author":[{"embeddable":true,"href":"https:\/\/devidwalder.com\/it\/wp-json\/wp\/v2\/users\/1"}],"replies":[{"embeddable":true,"href":"https:\/\/devidwalder.com\/it\/wp-json\/wp\/v2\/comments?post=74"}],"version-history":[{"count":56,"href":"https:\/\/devidwalder.com\/it\/wp-json\/wp\/v2\/pages\/74\/revisions"}],"predecessor-version":[{"id":1835,"href":"https:\/\/devidwalder.com\/it\/wp-json\/wp\/v2\/pages\/74\/revisions\/1835"}],"wp:attachment":[{"href":"https:\/\/devidwalder.com\/it\/wp-json\/wp\/v2\/media?parent=74"}],"curies":[{"name":"wp","href":"https:\/\/api.w.org\/{rel}","templated":true}]}}